{"id":896,"date":"2022-03-24T11:23:06","date_gmt":"2022-03-24T08:23:06","guid":{"rendered":"https:\/\/www.vanametall.eu\/?page_id=896"},"modified":"2022-03-24T12:00:22","modified_gmt":"2022-03-24T09:00:22","slug":"rec","status":"publish","type":"page","link":"https:\/\/www.vanametall.eu\/en\/rec\/","title":{"rendered":"Scrap metal reception"},"content":{"rendered":"<p><span class=\"normal\">Vanametalli kokkuost toimub aadressil Marja tn. 7, Tallinn<br \/>\nLahtiolekuajad: E.-R. 8:30-17:00; L. 9:00-15:00<\/span><\/p>\n<p><span style=\"font-family: 'trebuchet ms', geneva, sans-serif;\"><strong>Reception of ferrous metal ends 15 minutes before closing!!!<\/strong><\/span><\/p>\n<p>V\u00f5etakse vastu nii musta kui ka v\u00e4rvilist metalli. Vastuv\u00f5tmise hetkel allkirjastatakse vastav leping v\u00f5i akt (juriidiliste isikute jaoks), milles m\u00e4\u00e4ratakse kindlaks vanametalli koostis ja kaal. Tasu vanametalli eest teostatakse arveldusarvele pangas 15-500 min. jooksul lepingu allkirjastamise momendist v\u00f5i arve esitamise momendist.<\/p>\n<p>Peale vanametalli vastuv\u00f5tu firma Motley Group osutab ka metalli kogumise, selle sorteerimise, metallkonstruktsioonide demonteerimise ja tekkivate metallij\u00e4\u00e4tmete v\u00e4ljaveo teenuseid. K\u00f5iki t\u00f6id firma teostab iseseisvalt ja isiklike t\u00f6\u00f6riistade ja transpordi kasutamisega.<\/p>\n<p><b>Metallij\u00e4\u00e4tmete kokkuostmise piirang (J\u00e4\u00e4tS \u00a7105):<\/b><\/p>\n<p>1) Keelatud on j\u00e4\u00e4tmetena kokku osta ilmse kunsti- v\u00f5i ajaloov\u00e4\u00e4rtusega metallesemeid.<\/p>\n<p>2) Elektrijuhtme ja kaabli kokkuost j\u00e4\u00e4tmetena on lubatud vaid seadusj\u00e4rgset turuluba omavalt v\u00f5rguettev\u00f5tjalt, tegevusluba omavalt telekommunikatsiooniv\u00f5rgu operaatorilt v\u00f5i j\u00e4\u00e4tmeluba omavalt ettev\u00f5tjalt, kelle \u00f5igusp\u00e4rase tegevuse tulemusena on j\u00e4\u00e4tmed tekkinud.<\/p>\n<p>3) Liiklusm\u00e4rkide ja teeviitade, maa-aluste kommunikatsioonikaevude metall-luukide ning raudteer\u00f6\u00f6baste kokkuost j\u00e4\u00e4tmetena on lubatud vaid teehoiut\u00f6\u00f6de tegevusluba omavalt ettev\u00f5tjalt, raudteeinfrastruktuuri ettev\u00f5tjalt v\u00f5i j\u00e4\u00e4tmeluba omavalt ettev\u00f5tjalt, kelle \u00f5igusp\u00e4rase tegevuse tulemusena on j\u00e4\u00e4tmed tekkinud.<\/p>\n<p>4) Mootors\u00f5idukite v\u00f5i nende oluliste osade kokkuost j\u00e4\u00e4tmetena on lubatud isikult vaid Maanteeameti v\u00f5i tema volitatud isiku poolt v\u00e4ljastatud t\u00f5endi alusel s\u00f5iduki arvelt kustutamise kohta v\u00f5i j\u00e4\u00e4tmeluba omavalt ettev\u00f5tjalt, kelle \u00f5igusp\u00e4rase tegevuse tulemusena need j\u00e4\u00e4tmed on tekkinud.<\/p>\n<p><i>L\u00f5igetes 2\u20134 s\u00e4testatud piirangud ei kehti j\u00e4relevalveasutuse v\u00f5i kohaliku omavalitsuse poolt j\u00e4relevalve k\u00e4igus omandatud metallij\u00e4\u00e4tmete m\u00fc\u00fcgi kohta.<\/i><\/p>\n","protected":false},"excerpt":{"rendered":"<p>Vanametalli kokkuost toimub aadressil Marja tn. 7, Tallinn Lahtiolekuajad: E.-R. 8:30-17:00; L. 9:00-15:00 Reception of ferrous metal ends 15 minutes before closing!!! V\u00f5etakse vastu nii musta kui ka v\u00e4rvilist metalli. Vastuv\u00f5tmise hetkel allkirjastatakse vastav leping v\u00f5i akt (juriidiliste isikute jaoks), milles m\u00e4\u00e4ratakse kindlaks vanametalli koostis ja kaal. Tasu vanametalli eest teostatakse arveldusarvele pangas 15-500 min.&hellip;<\/p>\n","protected":false},"author":1,"featured_media":0,"parent":0,"menu_order":0,"comment_status":"closed","ping_status":"closed","template":"","meta":{"_exactmetrics_skip_tracking":false,"_exactmetrics_sitenote_active":false,"_exactmetrics_sitenote_note":"","_exactmetrics_sitenote_category":0,"footnotes":""},"translation":{"provider":"WPGlobus","version":"3.0.0","language":"en","enabled_languages":["et","en","ru"],"languages":{"et":{"title":true,"content":true,"excerpt":false},"en":{"title":true,"content":true,"excerpt":false},"ru":{"title":true,"content":true,"excerpt":false}}},"_links":{"self":[{"href":"https:\/\/www.vanametall.eu\/en\/wp-json\/wp\/v2\/pages\/896"}],"collection":[{"href":"https:\/\/www.vanametall.eu\/en\/wp-json\/wp\/v2\/pages"}],"about":[{"href":"https:\/\/www.vanametall.eu\/en\/wp-json\/wp\/v2\/types\/page"}],"author":[{"embeddable":true,"href":"https:\/\/www.vanametall.eu\/en\/wp-json\/wp\/v2\/users\/1"}],"replies":[{"embeddable":true,"href":"https:\/\/www.vanametall.eu\/en\/wp-json\/wp\/v2\/comments?post=896"}],"version-history":[{"count":4,"href":"https:\/\/www.vanametall.eu\/en\/wp-json\/wp\/v2\/pages\/896\/revisions"}],"predecessor-version":[{"id":920,"href":"https:\/\/www.vanametall.eu\/en\/wp-json\/wp\/v2\/pages\/896\/revisions\/920"}],"wp:attachment":[{"href":"https:\/\/www.vanametall.eu\/en\/wp-json\/wp\/v2\/media?parent=896"}],"curies":[{"name":"wp","href":"https:\/\/api.w.org\/{rel}","templated":true}]}}